{"id":20144,"date":"2023-08-21T21:48:32","date_gmt":"2023-08-21T21:48:32","guid":{"rendered":"https:\/\/corpsite.nonprod.3d4medical.com\/windows-manual-installation\/windows-manual-installation-sccm"},"modified":"2025-12-09T10:51:03","modified_gmt":"2025-12-09T10:51:03","slug":"sccm","status":"publish","type":"page","link":"https:\/\/completeanatomy.cn\/de\/windows-manual-installation\/sccm","title":{"rendered":"Windows manuelle Installation &#8211; SCCM"},"content":{"rendered":"<div class=\"instructions-list\">\n<div class=\"list-div\">\n<div class=\"step-number\">1.<\/div>\n<div class=\"step-content\">\n                   <a href=\"https:\/\/cdn.completeanatomy.cn\/media\/downloads\/complete-anatomy\/windows-offline\/CompleteAnatomy_Latest_Offline_x64.zip\">Klicken Sie hier<\/a>, um die neueste Version von Complete Anatomy herunterzuladen.<\/div>\n<\/div>\n<div class=\"list-div\">\n<div class=\"step-number\">2.<\/div>\n<div class=\"step-content\">\n    Navigieren Sie zu dem Verzeichnis, in dem Sie die Datei heruntergeladen haben (in der Regel <strong>Downloads<\/strong>).\n<\/div>\n<\/div>\n<div class=\"list-div\">\n<div class=\"step-number\">3.<\/div>\n<div class=\"step-content\">\n    Klicken Sie mit der rechten Maustaste auf die Datei und w\u00e4hlen Sie <strong>Alle extrahieren<\/strong> &#8230; (Stellen Sie sicher, dass <strong>Nach Abschluss die extrahierten Dateien anzeigen<\/strong> aktiviert ist). Klicken Sie anschlie\u00dfend auf <strong>Extrahieren<\/strong>.\n<\/div>\n<\/div>\n<div class=\"list-div\">\n<div class=\"step-number\">4.<\/div>\n<div class=\"step-content\">\n    Stellen Sie im sich \u00f6ffnenden Fenster sicher, dass die Option <strong>Nach Abschluss extrahierte Dateien anzeigen<\/strong> aktiviert ist, und klicken Sie dann auf <strong>Extrahieren<\/strong>.<\/div>\n<\/div>\n<img decoding=\"async\" class=\"blue-border\" src=\"https:\/\/cdn.completeanatomy.cn\/media\/downloads\/complete-anatomy\/windows-offline\/screenshots\/sccm\/screenshot_sccm_step4_10.0.1.0.png\" alt=\"Show extracted files is selected\">\n<div class=\"list-div\">\n<div class=\"step-number\">5.<\/div>\n<div class=\"step-content\">\n    Wenn die Extraktion abgeschlossen ist, werden die Fenster mit den Dateien ge\u00f6ffnet, die zur Installation von Complete Anatomy auf Ihrem Ger\u00e4t erforderlich sind.<\/div>\n<\/div>\n<div class=\"note\">\n    Hinweis: Wenn Sie in Schritt 4 die Option <strong>\u200bEntpackte Dateien nach Abschluss anzeigen<\/strong> \u200bnicht aktiviert haben, wird das Fenster wie in Schritt 7 nicht automatisch angezeigt. In diesem Fall m\u00fcssen Sie zum Ordner <strong>Downloads<\/strong> und dann zum Ordner <br \/>\u200bCompleteAnatomy_Latest_Offline_x64 gehen. <b>Bitte beachten Sie, dass \u200bauf dem Symbol im Ordner CompleteAnatomy_Latest_Offline_x64 kein Zip-Archiv vorhanden sein darf.<\/b>\n<\/div>\n<h3>Erstellen des Pakets \u00fcber SCCM<\/h3>\n<div class=\"note\">Hinweis: Wenn Sie beim Erstellen der Anwendung vom Assistenten aufgefordert werden, auf Abh\u00e4ngigkeiten zu verweisen, k\u00f6nnen Sie diesen Schritt ignorieren, da keine Abh\u00e4ngigkeiten erforderlich sind.<\/div>\n<div class=\"list-div\">\n<div class=\"step-number\">1.<\/div>\n<div class=\"step-content\">\n    Sobald die Dateien heruntergeladen wurden, k\u00f6nnen wir die Anwendung \u00fcber den System Center Configuration Manager bereitstellen. Gehen Sie in der ConfigMgr-Administratorkonsole zu \u200b<strong>Softwarebibliothek &gt; Anwendungsverwaltung &gt; Anwendungen\u200b<\/strong>. Klicken Sie mit der rechten Maustaste und w\u00e4hlen Sie <strong>Anwendung erstellen\u200b.<\/strong> Dadurch wird der Assistent zum Erstellen von Anwendungen ge\u00f6ffnet.<\/div>\n<\/div>\n<figure><img decoding=\"async\" class=\"blue-border\" src=\"https:\/\/cdn.completeanatomy.cn\/media\/downloads\/complete-anatomy\/windows-offline\/screenshots\/sccm\/sccm-1.jpg\" alt=\"Create Application Wizard\"><\/figure>\n<div class=\"list-div\">\n<div class=\"step-number\">2.<\/div>\n<div class=\"step-content\">\n    W\u00e4hlen Sie das Windows-App-Paket, eine Datei mit der Erweiterung *.appxbundle im Stammverzeichnis Ihres entpackten Ordners, und geben Sie den Speicherort der Datei an. Klicken Sie anschlie\u00dfend auf <strong>Weiter<\/strong>.\n<\/div>\n<\/div>\n<img decoding=\"async\" class=\"blue-border\" src=\"https:\/\/cdn.completeanatomy.cn\/media\/downloads\/complete-anatomy\/windows-offline\/screenshots\/sccm\/screenshot_sccm_step4.2_10.0.1.0.jpg\" alt=\"double click app bundle file\">\n<div class=\"list-div\">\n<div class=\"step-number\">3.<\/div>\n<div class=\"step-content\">\n    Auf der n\u00e4chsten Seite wird angezeigt, dass die Datei erfolgreich importiert wurde. Wenn im Ordner, in dem die Anwendung gespeichert ist, irgendwelche Voraussetzungen fehlen, wird eine Warnung angezeigt. Klicken Sie auf \u200b<strong>Weiter<\/strong>\u200b. Wenn ConfigMgr das appx\/appxbundle sowie alle Voraussetzungen erfolgreich identifizieren konnte, sollte ein Bildschirm wie dieser angezeigt werden:<\/div>\n<\/div>\n<div class=\"list-div\">\n<div class=\"step-number\">4.<\/div>\n<div class=\"step-content\">\n    Auf dieser Seite k\u00f6nnen Sie Angaben wie Name, Herausgeber und Verwaltungskategorie f\u00fcr die App machen. Bitte verwenden Sie die folgenden Angaben:\n\nName: \u200bComplete Anatomy\nHerausgeber: \u200b3D4Medical Ltd\nVerwaltungskategorie: \u201eIhre eigene Wahl\u201c\nKlicken Sie auf <strong>Weiter<\/strong>\n\n<\/div>\n<\/div>\n<div class=\"note\">Hinweis: \u00c4ndern Sie die Softwareversion nicht.<\/div>\n<div class=\"list-div\">\n<div class=\"step-number\">5.<\/div>\n<div class=\"step-content\">\n    Auf dieser Seite wird eine Zusammenfassung aller Einstellungen der vorherigen Seiten des Assistenten zum Erstellen von Anwendungen angezeigt. Klicken Sie auf \u200b<strong>Weiter\u200b.<\/strong><\/div>\n<\/div>\n<div class=\"list-div\">\n<div class=\"step-number\">6.<\/div>\n<div class=\"step-content\">\n    Configuration Manager beginnt mit der Erstellung der Complete Anatomy-Anwendung. Sobald die Erstellung abgeschlossen ist, wird der folgende Bildschirm zur Best\u00e4tigung angezeigt:<\/div>\n<\/div>\n<img decoding=\"async\" class=\"blue-border\" src=\"https:\/\/cdn.completeanatomy.cn\/media\/downloads\/complete-anatomy\/windows-offline\/screenshots\/sccm\/sccm-3.jpg\" alt=\"Creation of Package completed\">\n<h3>Bereitstellen des Pakets \u00fcber SCCM:<\/h3>\n<div class=\"list-div\">\n<div class=\"step-number\">1.<\/div>\n<div class=\"step-content\">\n    Klicken Sie in der System Center Configuration Manager-Konsole mit der rechten Maustaste auf die gerade erstellte Anwendung Complete Anatomy und w\u00e4hlen Sie <strong>Bereitstellen\u200b<\/strong><\/div>\n<\/div>\n<img decoding=\"async\" class=\"blue-border\" src=\"https:\/\/cdn.completeanatomy.cn\/media\/downloads\/complete-anatomy\/windows-offline\/screenshots\/sccm\/sccm-4.jpg\" alt=\"Deploy SCCM\">\n<div class=\"list-div\">\n<div class=\"step-number\">2.<\/div>\n<div class=\"step-content\">\n    W\u00e4hlen Sie eine \u200bSammlung\u200b aus, in der die Complete Anatomy-Anwendung bereitgestellt werden soll. In diesem Fall wird die Anwendung in einer Sammlung aller Windows-Rechner bereitgestellt. Klicken Sie auf \u200b<strong>Weiter\u200b.<\/strong><\/div>\n<\/div>\n<img decoding=\"async\" class=\"blue-border\" src=\"https:\/\/cdn.completeanatomy.cn\/media\/downloads\/complete-anatomy\/windows-offline\/screenshots\/sccm\/sccm-5.jpg\" alt=\"Choose a Collection to deploy the application to\">\n<div class=\"list-div\">\n<div class=\"step-number\">3.<\/div>\n<div class=\"step-content\">\n    W\u00e4hlen Sie einen <strong>Verteilungspunkt<\/strong> aus, um die Complete Anatomy-App zu verteilen. Klicken Sie auf \u200b<strong>Weiter\u200b<\/strong>.<\/div>\n<\/div>\n<div class=\"list-div\">\n<div class=\"step-number\">4.<\/div>\n<div class=\"step-content\">\n    W\u00e4hlen Sie auf der Seite \u200b<strong>Bereitstellungseinstellungen<\/strong>\u200b aus, ob Complete Anatomy als <strong>Verf\u00fcgbar<\/strong>\u200b oder \u200b<strong>Erforderlich<\/strong>\u200b bereitgestellt werden soll. Klicken Sie auf <strong>Weiter\u200b.<\/strong><\/div>\n<\/div>\n<div class=\"list-div\">\n<div class=\"step-number\">5.<\/div>\n<div class=\"step-content\">\n    W\u00e4hlen Sie auf der Seite \u200b<strong>Planung<\/strong>\u200b aus, wann die Anwendung f\u00fcr die Installation durch Benutzer verf\u00fcgbar sein soll. Klicken Sie auf <strong>Weiter\u200b<\/strong>.<\/div>\n<\/div>\n<div class=\"list-div\">\n<div class=\"step-number\">6.<\/div>\n<div class=\"step-content\">\n    W\u00e4hlen Sie auf der Seite \u200bBenutzererfahrung\u200b aus, wie Benutzer \u00fcber die App-Installation benachrichtigt werden. <strong>Klicken Sie auf \u200bWeiter\u200b.<\/strong><\/div>\n<\/div>\n<div class=\"list-div\">\n<div class=\"step-number\">7.<\/div>\n<div class=\"step-content\">\n    W\u00e4hlen Sie auf der Seite \u200b<strong>Warnungen<\/strong>\u200b aus, ob Sie bei fehlgeschlagenen Bereitstellungen und System Center Operations Manager-Warnungen benachrichtigt werden m\u00f6chten. Klicken Sie auf \u200b<strong>Weiter\u200b.<\/strong><\/div>\n<\/div>\n<div class=\"list-div\">\n<div class=\"step-number\">8.<\/div>\n<div class=\"step-content\">\n    Auf der Seite <strong>\u200bZusammenfassung<\/strong>\u200b wird eine Liste aller f\u00fcr den Assistenten zum Bereitstellen von Software gew\u00e4hlten Einstellungen angezeigt. Klicken Sie auf <strong>Weiter\u200b.<\/strong><\/div>\n<\/div>\n<div class=\"list-div\">\n<div class=\"step-number\">9.<\/div>\n<div class=\"step-content\">\n    Configuration Manager beginnt mit der Erstellung der Anwendung. Nach Abschluss sollte diese Seite angezeigt werden:<\/div>\n<\/div>\n<img decoding=\"async\" class=\"blue-border\" src=\"https:\/\/cdn.completeanatomy.cn\/media\/downloads\/complete-anatomy\/windows-offline\/screenshots\/sccm\/sccm-6.jpg\" alt=\"Deployment Successful\">\n<div class=\"list-div\">\n<div class=\"step-number\">10.<\/div>\n<div class=\"step-content\">\n    Klicken Sie auf die Windows-Schaltfl\u00e4che und \u00f6ffnen Sie das <strong>Software Center<\/strong>. Die Complete Anatomy-App sollte jetzt im Software Center aufgef\u00fchrt sein.<\/div>\n<\/div>\n<div class=\"list-div\">\n<div class=\"step-number\">11.<\/div>\n<div class=\"step-content\">\n    Klicken Sie auf <strong>Installieren<\/strong>, um die App zu installieren.<\/div>\n<\/div>\n<div class=\"list-div\">\n<div class=\"step-number\">12.<\/div>\n<div class=\"step-content\">\n    Complete Anatomy sollte jetzt im Startmen\u00fc verf\u00fcgbar sein.<\/div>\n<\/div>\n<\/div>","protected":false},"excerpt":{"rendered":"<p>1. Klicken Sie hier, um die neueste Version von Complete Anatomy herunterzuladen. 2. Navigieren Sie zu dem Verzeichnis, in dem Sie die Datei heruntergeladen haben (in der Regel Downloads). 3. Klicken Sie mit der rechten Maustaste auf die Datei und w\u00e4hlen Sie Alle extrahieren &#8230; (Stellen Sie sicher, dass Nach Abschluss die extrahierten Dateien anzeigen [&hellip;]<a class=\"more-link\" href=\"https:\/\/completeanatomy.cn\/de\/windows-manual-installation\/sccm\">Beitrag lesen<\/a><\/p>\n","protected":false},"author":30,"featured_media":0,"parent":20105,"menu_order":0,"comment_status":"closed","ping_status":"closed","template":"","meta":{"_acf_changed":false,"footnotes":""},"categories":[],"tags":[],"acf":[],"aioseo_notices":[],"_links":{"self":[{"href":"https:\/\/completeanatomy.cn\/de\/wp-json\/wp\/v2\/pages\/20144"}],"collection":[{"href":"https:\/\/completeanatomy.cn\/de\/wp-json\/wp\/v2\/pages"}],"about":[{"href":"https:\/\/completeanatomy.cn\/de\/wp-json\/wp\/v2\/types\/page"}],"author":[{"embeddable":true,"href":"https:\/\/completeanatomy.cn\/de\/wp-json\/wp\/v2\/users\/30"}],"replies":[{"embeddable":true,"href":"https:\/\/completeanatomy.cn\/de\/wp-json\/wp\/v2\/comments?post=20144"}],"version-history":[{"count":29,"href":"https:\/\/completeanatomy.cn\/de\/wp-json\/wp\/v2\/pages\/20144\/revisions"}],"predecessor-version":[{"id":24483,"href":"https:\/\/completeanatomy.cn\/de\/wp-json\/wp\/v2\/pages\/20144\/revisions\/24483"}],"up":[{"embeddable":true,"href":"https:\/\/completeanatomy.cn\/de\/wp-json\/wp\/v2\/pages\/20105"}],"wp:attachment":[{"href":"https:\/\/completeanatomy.cn\/de\/wp-json\/wp\/v2\/media?parent=20144"}],"wp:term":[{"taxonomy":"category","embeddable":true,"href":"https:\/\/completeanatomy.cn\/de\/wp-json\/wp\/v2\/categories?post=20144"},{"taxonomy":"post_tag","embeddable":true,"href":"https:\/\/completeanatomy.cn\/de\/wp-json\/wp\/v2\/tags?post=20144"}],"curies":[{"name":"wp","href":"https:\/\/api.w.org\/{rel}","templated":true}]}}