{"id":20106,"date":"2023-08-21T21:18:41","date_gmt":"2023-08-21T21:18:41","guid":{"rendered":"https:\/\/corpsite.nonprod.3d4medical.com\/windows-manual-installation"},"modified":"2025-12-04T10:31:42","modified_gmt":"2025-12-04T10:31:42","slug":"windows-manual-installation","status":"publish","type":"page","link":"https:\/\/completeanatomy.cn\/es\/windows-manual-installation","title":{"rendered":"Instalaci\u00f3n manual de Windows"},"content":{"rendered":"\n<div class=\"instructions-list\">\n        <div class=\"list-div\">\n            <div class=\"step-number\">1.<\/div>\n            <div class=\"step-content\">\n               <a href=\"https:\/\/cdn.completeanatomy.cn\/media\/downloads\/complete-anatomy\/windows-offline\/CompleteAnatomy_Latest_Offline_x64.zip\">Haga clic aqu\u00ed<\/a> para descargar la \u00faltima versi\u00f3n de Complete Anatomy.\n            <\/div>\n        <\/div>\n\n        <div class=\"list-div\">\n            <div class=\"step-number\">2.<\/div>\n            <div class=\"step-content\">\n                Navegue hasta el directorio donde descarg\u00f3 el archivo (normalmente <strong>Descargas<\/strong>).\n            <\/div>\n        <\/div>\n\n        <div class=\"list-div\">\n            <div class=\"step-number\">3.<\/div>\n            <div class=\"step-content\">\n                Haga clic derecho en el archivo y elija <strong>Extraer todo&#8230;<\/strong> (aseg\u00farese de que est\u00e9 marcado <strong>Mostrar archivos extra\u00eddos cuando est\u00e9n completos<\/strong>. Luego haga clic en <strong>Extraer<\/strong>.\n            <\/div>\n        <\/div>\n\n\n        <img decoding=\"async\" class=\"blue-border\" src=\"https:\/\/cdn.completeanatomy.cn\/media\/downloads\/complete-anatomy\/windows-offline\/screenshots\/screenshot_extract_10.0.1.0.png\" alt=\"Extract files\">\n\n\n        <div class=\"list-div\">\n            <div class=\"step-number\">4.<\/div>\n            <div class=\"step-content\">\n                Ahora deber\u00eda ver los archivos extra\u00eddos, como se muestra a continuaci\u00f3n:\n            <\/div>\n        <\/div>\n\n        <img decoding=\"async\" class=\"blue-border\" src=\"https:\/\/cdn.completeanatomy.cn\/media\/downloads\/complete-anatomy\/windows-offline\/screenshots\/screenshot_step4_11.6.4.png\" alt=\"Extracted files\">\n\n\n        <div class=\"list-div\">\n            <div class=\"step-number\">5.<\/div>\n            <div class=\"step-content\">\n                Realiza la instalaci\u00f3n del paquete mediante <strong>install.bat<\/strong> con la opci\u00f3n deseada:\n<div class=\"sub-steps\">\n            <div class=\"sub-step\">\n                <div class=\"step-number\">a)<\/div>\n                <div class=\"step-content\">Para <strong>instalaci\u00f3n local para el usuario<\/strong>, no necesitas validaci\u00f3n. Simplemente ejecuta el script y sigue los pasos.<\/div>\n            <\/div>\n\n            <div class=\"sub-step\">\n                <div class=\"step-number\">b)<\/div>\n                <div class=\"step-text\">\n                <div class=\"step-content\">Para <strong>instalaci\u00f3n a nivel del sistema mediante SCCM<\/strong>, procede con permisos de administrador (para una instalaci\u00f3n avanzada con SCCM, <a href=\"https:\/\/completeanatomy.cn\/es\/windows-manual-installation\/sccm\">consulta aqu\u00ed<\/a>):<\/div>\n                <br>\n                <img decoding=\"async\" class=\"blue-border\" src=\"https:\/\/cdn.completeanatomy.cn\/media\/downloads\/complete-anatomy\/windows-offline\/screenshots\/screenshot_step5_11.6.4.png\" alt=\"Extracted files\">\n            <\/div>\n            <\/div>\n\n            <div class=\"sub-step\">\n                <div class=\"step-number\">c)<\/div>\n                <div class=\"step-content\">Para  <strong>instalaci\u00f3n silenciosa<\/strong> con otra opci\u00f3n, utiliza <code style=\"background: #f0f0f0; border-radius: 2px; padding: 2px;\">install.bat \/s &lt;option number&gt;<\/code>. Para ver las opciones disponibles, ejecuta <code style=\"background: #f0f0f0; border-radius: 2px; padding: 2px;\">install.bat<\/code> o consulta el siguiente paso.<\/div>\n            <\/div>\n        <\/div>\n            <\/div>\n        <\/div>\n\n        <div class=\"note\">\n            Nota: \u00bfrecibe <a href=\"https:\/\/cdn.completeanatomy.cn\/media\/downloads\/complete-anatomy\/windows-offline\/screenshots\/alert.png\" target=\"_blank\" rel=\"noopener noreferrer\">esta<\/a> alerta? Haga clic <a href=\"https:\/\/completeanatomy.cn\/es\/windows-manual-installation\/allow-unrecognized-apps\">aqu\u00ed<\/a> para solucionarlo.\n        <\/div>\n\n\n        <div class=\"list-div\">\n            <div class=\"step-number\">6.<\/div>\n            <div class=\"step-content\">\n                Elige una de las opciones disponibles:\n            <\/div>\n        <\/div>\n\n        <img decoding=\"async\" class=\"blue-border\" src=\"https:\/\/cdn.completeanatomy.cn\/media\/downloads\/complete-anatomy\/windows-offline\/screenshots\/screenshot_step6_11.6.4.png\" alt=\"Successful installation.\">\n\n        <div class=\"list-div\">\n            <div class=\"step-number\">7.<\/div>\n            <div class=\"step-content\">\n           Espera a que el instalador finalice. Complete Anatomy deber\u00eda estar disponible ahora en el men\u00fa Inicio.\n            <\/div>\n        <\/div>\n\n        <div class=\"list-div\" style=\"padding-top: 40px; margin-top: 30px; border-top: 2px solid #E7E9E9;\">\n            <div class=\"step-content\">\n         \u00bfBusca instrucciones para SCCM? <a href=\"https:\/\/completeanatomy.cn\/es\/windows-manual-installation\/sccm\">Obtenga instrucciones aqu\u00ed<\/a>.\n            <\/div>\n        <\/div>\n\n<\/div>\n","protected":false},"excerpt":{"rendered":"<p>1. Haga clic aqu\u00ed para descargar la \u00faltima versi\u00f3n de Complete Anatomy. 2. Navegue hasta el directorio donde descarg\u00f3 el archivo (normalmente Descargas). 3. Haga clic derecho en el archivo y elija Extraer todo&#8230; (aseg\u00farese de que est\u00e9 marcado Mostrar archivos extra\u00eddos cuando est\u00e9n completos. Luego haga clic en Extraer. 4. Ahora deber\u00eda ver los [&hellip;]<a class=\"more-link\" href=\"https:\/\/completeanatomy.cn\/es\/windows-manual-installation\">Leer art\u00edculo<\/a><\/p>\n","protected":false},"author":30,"featured_media":0,"parent":0,"menu_order":0,"comment_status":"closed","ping_status":"closed","template":"","meta":{"_acf_changed":false,"footnotes":""},"categories":[],"tags":[],"acf":[],"aioseo_notices":[],"_links":{"self":[{"href":"https:\/\/completeanatomy.cn\/es\/wp-json\/wp\/v2\/pages\/20106"}],"collection":[{"href":"https:\/\/completeanatomy.cn\/es\/wp-json\/wp\/v2\/pages"}],"about":[{"href":"https:\/\/completeanatomy.cn\/es\/wp-json\/wp\/v2\/types\/page"}],"author":[{"embeddable":true,"href":"https:\/\/completeanatomy.cn\/es\/wp-json\/wp\/v2\/users\/30"}],"replies":[{"embeddable":true,"href":"https:\/\/completeanatomy.cn\/es\/wp-json\/wp\/v2\/comments?post=20106"}],"version-history":[{"count":20,"href":"https:\/\/completeanatomy.cn\/es\/wp-json\/wp\/v2\/pages\/20106\/revisions"}],"predecessor-version":[{"id":24445,"href":"https:\/\/completeanatomy.cn\/es\/wp-json\/wp\/v2\/pages\/20106\/revisions\/24445"}],"wp:attachment":[{"href":"https:\/\/completeanatomy.cn\/es\/wp-json\/wp\/v2\/media?parent=20106"}],"wp:term":[{"taxonomy":"category","embeddable":true,"href":"https:\/\/completeanatomy.cn\/es\/wp-json\/wp\/v2\/categories?post=20106"},{"taxonomy":"post_tag","embeddable":true,"href":"https:\/\/completeanatomy.cn\/es\/wp-json\/wp\/v2\/tags?post=20106"}],"curies":[{"name":"wp","href":"https:\/\/api.w.org\/{rel}","templated":true}]}}