{"id":20145,"date":"2023-08-21T21:48:32","date_gmt":"2023-08-21T21:48:32","guid":{"rendered":"https:\/\/corpsite.nonprod.3d4medical.com\/windows-manual-installation\/windows-manual-installation-sccm"},"modified":"2025-12-05T08:37:27","modified_gmt":"2025-12-05T08:37:27","slug":"sccm","status":"publish","type":"page","link":"https:\/\/completeanatomy.cn\/es\/windows-manual-installation\/sccm","title":{"rendered":"Instalaci\u00f3n manual de Windows &#8211; SCCM"},"content":{"rendered":"<div class=\"instructions-list\">\n<div class=\"list-div\">\n<div class=\"step-number\">1.<\/div>\n<div class=\"step-content\">\n               <a href=\"https:\/\/cdn.completeanatomy.cn\/media\/downloads\/complete-anatomy\/windows-offline\/CompleteAnatomy_Latest_Offline_x64.zip\">Haga clic aqu\u00ed<\/a> para descargar la \u00faltima versi\u00f3n de Complete Anatomy.<\/div>\n<\/div>\n<div class=\"list-div\">\n<div class=\"step-number\">2.<\/div>\n<div class=\"step-content\">\nVe a la carpeta donde descargaste el archivo (normalmente <strong>Descargas<\/strong>).\n<\/div>\n<\/div>\n<div class=\"list-div\">\n<div class=\"step-number\">3.<\/div>\n<div class=\"step-content\">\nHaz clic con el bot\u00f3n derecho en el archivo y selecciona <strong>Extraer todo<\/strong>&#8230; (Aseg\u00farate de que la opci\u00f3n<strong>Mostrar los archivos extra\u00eddos<\/strong> al finalizar est\u00e9 marcada). Luego haz clic en <strong>Extraer<\/strong>.\n<\/div>\n<\/div>\n<div class=\"list-div\">\n<div class=\"step-number\">4.<\/div>\n<div class=\"step-content\">\nEn la ventana que se abre, aseg\u00farese de que est\u00e9 marcado <strong>Mostrar archivos extra\u00eddos<\/strong> cuando est\u00e9n completos y luego haga clic en <strong>Extraer<\/strong>.<\/div>\n<\/div>\n<img decoding=\"async\" class=\"blue-border\" src=\"https:\/\/cdn.completeanatomy.cn\/media\/downloads\/complete-anatomy\/windows-offline\/screenshots\/sccm\/screenshot_sccm_step4_10.0.1.0.png\" alt=\"Show extracted files is selected\">\n<div class=\"list-div\">\n<div class=\"step-number\">5.<\/div>\n<div class=\"step-content\">\nCuando se complete la extracci\u00f3n, se abrir\u00e1n ventanas con los archivos necesarios para instalar Complete Anatomy en su dispositivo.<\/div>\n<\/div>\n<div class=\"note\">\nNota: Si no marc\u00f3 <strong>\u200bMostrar archivos extra\u00eddos cuando est\u00e9 completo<\/strong> \u200ben el paso 4, la ventana como en el paso 7 no aparecer\u00e1 autom\u00e1ticamente. En este caso, debe ir a la carpeta <strong>Descargas<\/strong> y a la carpeta <br \/>\u200bCompleteAnatomy_Latest_Offline_x64. <strong>Tenga en cuenta que \u200bno debe haber un zip en el icono de la carpeta CompleteAnatomy_Latest_Offline_x64.<\/strong>\n<\/div>\n<h3>Creando el paquete a trav\u00e9s de SCCM<\/h3>\n<div class=\"note\">Nota: Si el asistente le solicita durante el proceso de creaci\u00f3n de la aplicaci\u00f3n que se\u00f1ale alguna dependencia, puede ignorar este paso ya que no se requieren dependencias.<\/div>\n<div class=\"list-div\">\n<div class=\"step-number\">1.<\/div>\n<div class=\"step-content\">\nUna vez descargados los archivos, podemos implementar la aplicaci\u00f3n a trav\u00e9s de System Center Configuration Manager. En la consola de administraci\u00f3n de ConfigMgr, vaya a <strong>\u200bBiblioteca de software &gt; Administraci\u00f3n de aplicaciones &gt; Aplicaciones\u200b<\/strong>. Haga clic derecho y seleccione \u200b<strong>Creaci\u00f3n de aplicaci\u00f3n\u200b.<\/strong>\u200b Esto abrir\u00e1 el Asistente para crear aplicaciones.<\/div>\n<\/div>\n<figure><img decoding=\"async\" class=\"blue-border\" src=\"https:\/\/cdn.completeanatomy.cn\/media\/downloads\/complete-anatomy\/windows-offline\/screenshots\/sccm\/sccm-1.jpg\" alt=\"Create Application Wizard\"><\/figure>\n<div class=\"list-div\">\n<div class=\"step-number\">2.<\/div>\n<div class=\"step-content\">\nSelecciona el paquete de la aplicaci\u00f3n de Windows, un archivo con la extensi\u00f3n *.appxbundle  que se encuentra en la ra\u00edz de la carpeta descomprimida, y especifica la ubicaci\u00f3n del archivo. Haz clic en  <strong>\u200bSiguiente<\/strong>\u200b.\n<\/div>\n<\/div>\n<img decoding=\"async\" class=\"blue-border\" src=\"https:\/\/cdn.completeanatomy.cn\/media\/downloads\/complete-anatomy\/windows-offline\/screenshots\/sccm\/screenshot_sccm_step4.2_10.0.1.0.jpg\" alt=\"double click app bundle file\">\n<div class=\"list-div\">\n<div class=\"step-number\">3.<\/div>\n<div class=\"step-content\">\nLa siguiente p\u00e1gina le mostrar\u00e1 que el archivo se import\u00f3 correctamente. Si falta alg\u00fan requisito previo en la carpeta en la que est\u00e1 almacenada la aplicaci\u00f3n, ver\u00e1 una advertencia. Haga clic en \u200b<strong>Siguiente<\/strong>\u200b. Si ConfigMgr pudo identificar correctamente el appx\/appxbundle m\u00e1s todos los requisitos previos, deber\u00eda ver una pantalla similar a esta:<\/div>\n<\/div>\n<div class=\"list-div\">\n<div class=\"step-number\">4.<\/div>\n<div class=\"step-content\">\nEn esta p\u00e1gina puede especificar elementos como el nombre, el editor y la categor\u00eda administrativa de la aplicaci\u00f3n. Utilice los siguientes datos:\n\nNombre: \u200bComplete Anatomy\nEditor: \u200b3D4Medical Ltd\nCategor\u00eda administrativa: \u201cSu propia elecci\u00f3n\u201d\nHaga clic en <strong>Siguiente<\/strong>\n\n<\/div>\n<\/div>\n<div class=\"note\">Nota: No cambie la versi\u00f3n del software.<\/div>\n<div class=\"list-div\">\n<div class=\"step-number\">5.<\/div>\n<div class=\"step-content\">\nEsta p\u00e1gina mostrar\u00e1 un resumen de todas las configuraciones de las p\u00e1ginas anteriores del Asistente para crear aplicaciones. Haga clic en \u200b<strong>Siguiente\u200b.<\/strong><\/div>\n<\/div>\n<div class=\"list-div\">\n<div class=\"step-number\">6.<\/div>\n<div class=\"step-content\">\nEl Configuration Manager comenzar\u00e1 a crear la aplicaci\u00f3n Complete Anatomy. Una vez completado ver\u00e1 la siguiente pantalla confirmando que se ha completado:<\/div>\n<\/div>\n<img decoding=\"async\" class=\"blue-border\" src=\"https:\/\/cdn.completeanatomy.cn\/media\/downloads\/complete-anatomy\/windows-offline\/screenshots\/sccm\/sccm-3.jpg\" alt=\"Creation of Package completed\">\n<h3>Implementaci\u00f3n del paquete a trav\u00e9s de SCCM:<\/h3>\n<div class=\"list-div\">\n<div class=\"step-number\">1.<\/div>\n<div class=\"step-content\">\nEn la consola de System Center Configuration Manager, haga clic derecho en la aplicaci\u00f3n Complete Anatomy que acaba de crear y elija <strong>\u200bImplementar\u200b<\/strong><\/div>\n<\/div>\n<img decoding=\"async\" class=\"blue-border\" src=\"https:\/\/cdn.completeanatomy.cn\/media\/downloads\/complete-anatomy\/windows-offline\/screenshots\/sccm\/sccm-4.jpg\" alt=\"Deploy SCCM\">\n<div class=\"list-div\">\n<div class=\"step-number\">2.<\/div>\n<div class=\"step-content\">\nElija una \u200bColecci\u00f3n\u200b para implementar la aplicaci\u00f3n Complete Anatomy. En este caso, la aplicaci\u00f3n se implementa en una colecci\u00f3n de todas las m\u00e1quinas con Windows. Haga clic en \u200b<strong>Siguiente\u200b.<\/strong><\/div>\n<\/div>\n<img decoding=\"async\" class=\"blue-border\" src=\"https:\/\/cdn.completeanatomy.cn\/media\/downloads\/complete-anatomy\/windows-offline\/screenshots\/sccm\/sccm-5.jpg\" alt=\"Choose a Collection to deploy the application to\">\n<div class=\"list-div\">\n<div class=\"step-number\">3.<\/div>\n<div class=\"step-content\">\nElija un <strong>\u200bPunto de Distribuci\u00f3n<\/strong>\u200b para distribuir la aplicaci\u00f3n Complete Anatomy. Haga clic en \u200b<strong>Siguiente\u200b.<\/strong><\/div>\n<\/div>\n<div class=\"list-div\">\n<div class=\"step-number\">4.<\/div>\n<div class=\"step-content\">\nEn la p\u00e1gina \u200b<strong>Configuraci\u00f3n de implementaci\u00f3n<\/strong>\u200b, elija si Complete Anatomy se implementar\u00e1 como <strong>Disponible<\/strong>\u200b o \u200b<strong>Requerido<\/strong>\u200b. Haga clic en <strong>Siguiente\u200b.<\/strong><\/div>\n<\/div>\n<div class=\"list-div\">\n<div class=\"step-number\">5.<\/div>\n<div class=\"step-content\">\nEn la p\u00e1gina \u200b<strong>Programaci\u00f3n<\/strong>\u200b, elija cu\u00e1ndo estar\u00e1 disponible la aplicaci\u00f3n para que los usuarios la instalen. Haga clic en <strong>Siguiente\u200b.<\/strong><\/div>\n<\/div>\n<div class=\"list-div\">\n<div class=\"step-number\">6.<\/div>\n<div class=\"step-content\">\nSobre el usuario <strong>Experiencia de usuario<\/strong>, elija c\u00f3mo se notificar\u00e1 a los usuarios sobre la instalaci\u00f3n de la aplicaci\u00f3n. <strong>Haga clic en \u200bSiguiente\u200b.<\/strong><\/div>\n<\/div>\n<div class=\"list-div\">\n<div class=\"step-number\">7.<\/div>\n<div class=\"step-content\">\nEn la p\u00e1gina \u200b<strong>Alertas<\/strong>\u200b, elija si desea recibir alertas sobre implementaciones fallidas y alertas de System Center Operations Manager. Haga clic en \u200b<strong>Siguiente\u200b.<\/strong><\/div>\n<\/div>\n<div class=\"list-div\">\n<div class=\"step-number\">8.<\/div>\n<div class=\"step-content\">\nLa p\u00e1gina <strong>\u200bResumen<\/strong>\u200b mostrar\u00e1 una lista de todas las configuraciones elegidas para el Asistente para implementar software. Haga clic en <strong>Siguiente\u200b.<\/strong><\/div>\n<\/div>\n<div class=\"list-div\">\n<div class=\"step-number\">9.<\/div>\n<div class=\"step-content\">\nEl Configuration Manager comenzar\u00e1 a crear la aplicaci\u00f3n. Una vez completado, deber\u00eda ver esta p\u00e1gina:<\/div>\n<\/div>\n<img decoding=\"async\" class=\"blue-border\" src=\"https:\/\/cdn.completeanatomy.cn\/media\/downloads\/complete-anatomy\/windows-offline\/screenshots\/sccm\/sccm-6.jpg\" alt=\"Deployment Successful\">\n<div class=\"list-div\">\n<div class=\"step-number\">10.<\/div>\n<div class=\"step-content\">\nHaga clic en el bot\u00f3n de Windows y abra el <strong>\u200bCentro de software\u200b<\/strong>. La aplicaci\u00f3n Complete Anatomy ahora deber\u00eda aparecer en el Centro de software.<\/div>\n<\/div>\n<div class=\"list-div\">\n<div class=\"step-number\">11.<\/div>\n<div class=\"step-content\">\nHaga clic en <strong>Instalar<\/strong> para instalar la aplicaci\u00f3n.<\/div>\n<\/div>\n<div class=\"list-div\">\n<div class=\"step-number\">12.<\/div>\n<div class=\"step-content\">\nComplete Anatomy ahora deber\u00eda estar disponible en el men\u00fa Inicio.<\/div>\n<\/div>\n<\/div>","protected":false},"excerpt":{"rendered":"<p>1. Haga clic aqu\u00ed para descargar la \u00faltima versi\u00f3n de Complete Anatomy. 2. Ve a la carpeta donde descargaste el archivo (normalmente Descargas). 3. Haz clic con el bot\u00f3n derecho en el archivo y selecciona Extraer todo&#8230; (Aseg\u00farate de que la opci\u00f3nMostrar los archivos extra\u00eddos al finalizar est\u00e9 marcada). Luego haz clic en Extraer. 4. [&hellip;]<a class=\"more-link\" href=\"https:\/\/completeanatomy.cn\/es\/windows-manual-installation\/sccm\">Leer art\u00edculo<\/a><\/p>\n","protected":false},"author":30,"featured_media":0,"parent":20106,"menu_order":0,"comment_status":"closed","ping_status":"closed","template":"","meta":{"_acf_changed":false,"footnotes":""},"categories":[],"tags":[],"acf":[],"aioseo_notices":[],"_links":{"self":[{"href":"https:\/\/completeanatomy.cn\/es\/wp-json\/wp\/v2\/pages\/20145"}],"collection":[{"href":"https:\/\/completeanatomy.cn\/es\/wp-json\/wp\/v2\/pages"}],"about":[{"href":"https:\/\/completeanatomy.cn\/es\/wp-json\/wp\/v2\/types\/page"}],"author":[{"embeddable":true,"href":"https:\/\/completeanatomy.cn\/es\/wp-json\/wp\/v2\/users\/30"}],"replies":[{"embeddable":true,"href":"https:\/\/completeanatomy.cn\/es\/wp-json\/wp\/v2\/comments?post=20145"}],"version-history":[{"count":31,"href":"https:\/\/completeanatomy.cn\/es\/wp-json\/wp\/v2\/pages\/20145\/revisions"}],"predecessor-version":[{"id":24474,"href":"https:\/\/completeanatomy.cn\/es\/wp-json\/wp\/v2\/pages\/20145\/revisions\/24474"}],"up":[{"embeddable":true,"href":"https:\/\/completeanatomy.cn\/es\/wp-json\/wp\/v2\/pages\/20106"}],"wp:attachment":[{"href":"https:\/\/completeanatomy.cn\/es\/wp-json\/wp\/v2\/media?parent=20145"}],"wp:term":[{"taxonomy":"category","embeddable":true,"href":"https:\/\/completeanatomy.cn\/es\/wp-json\/wp\/v2\/categories?post=20145"},{"taxonomy":"post_tag","embeddable":true,"href":"https:\/\/completeanatomy.cn\/es\/wp-json\/wp\/v2\/tags?post=20145"}],"curies":[{"name":"wp","href":"https:\/\/api.w.org\/{rel}","templated":true}]}}