{"id":20104,"date":"2023-08-21T21:18:41","date_gmt":"2023-08-21T21:18:41","guid":{"rendered":"https:\/\/corpsite.nonprod.3d4medical.com\/windows-manual-installation"},"modified":"2025-12-04T10:40:14","modified_gmt":"2025-12-04T10:40:14","slug":"windows-manual-installation","status":"publish","type":"page","link":"https:\/\/completeanatomy.cn\/fr\/windows-manual-installation","title":{"rendered":"Installation manuelle de Windows"},"content":{"rendered":"\n<div class=\"instructions-list\">\n        <div class=\"list-div\">\n            <div class=\"step-number\">1.<\/div>\n            <div class=\"step-content\">\n               <a href=\"https:\/\/cdn.completeanatomy.cn\/media\/downloads\/complete-anatomy\/windows-offline\/CompleteAnatomy_Latest_Offline_x64.zip\">Cliquez ici<\/a> pour t\u00e9l\u00e9charger la derni\u00e8re version de Complete Anatomy.\n            <\/div>\n        <\/div>\n\n        <div class=\"list-div\">\n            <div class=\"step-number\">2.<\/div>\n            <div class=\"step-content\">\n                Naviguez jusqu&#8217;au r\u00e9pertoire o\u00f9 vous avez t\u00e9l\u00e9charg\u00e9 le fichier (g\u00e9n\u00e9ralement <strong>T\u00e9l\u00e9chargements<\/strong>).\n            <\/div>\n        <\/div>\n\n        <div class=\"list-div\">\n            <div class=\"step-number\">3.<\/div>\n            <div class=\"step-content\">\n                Cliquez avec le bouton droit de la souris sur le fichier et choisissez <strong>Extraire tout &#8230;<\/strong> (Assurez-vous que la case <strong>Afficher les fichiers extraits une fois termin\u00e9<\/strong> est coch\u00e9e. Cliquez ensuite sur <strong>Extraire<\/strong>.\n            <\/div>\n        <\/div>\n\n\n        <img decoding=\"async\" class=\"blue-border\" src=\"https:\/\/cdn.completeanatomy.cn\/media\/downloads\/complete-anatomy\/windows-offline\/screenshots\/screenshot_extract_10.0.1.0.png\" alt=\"Extract files\">\n\n\n        <div class=\"list-div\">\n            <div class=\"step-number\">4.<\/div>\n            <div class=\"step-content\">\n                Vous devriez maintenant voir les fichiers extraits, comme ci-dessous :\n            <\/div>\n        <\/div>\n\n        <img decoding=\"async\" class=\"blue-border\" src=\"https:\/\/cdn.completeanatomy.cn\/media\/downloads\/complete-anatomy\/windows-offline\/screenshots\/screenshot_step4_11.6.4.png\" alt=\"Extracted files\">\n\n\n        <div class=\"list-div\">\n            <div class=\"step-number\">5.<\/div>\n            <div class=\"step-content\">\n                Proc\u00e9dez \u00e0 l&#8217;installation du package via <strong>install.bat<\/strong> avec l&#8217;option souhait\u00e9e :\n<div class=\"sub-steps\">\n            <div class=\"sub-step\">\n                <div class=\"step-number\">a)<\/div>\n                <div class=\"step-content\">Pour une <strong>installation utilisateur local<\/strong>, vous n&#8217;avez pas besoin d&#8217;\u00e9valuation, lancez simplement le script et suivez les \u00e9tapes<\/div>\n            <\/div>\n\n            <div class=\"sub-step\">\n                <div class=\"step-number\">b)<\/div>\n                <div class=\"step-text\">\n                <div class=\"step-content\">Pour une <strong>installation SCCM \u00e0 l&#8217;\u00e9chelle du syst\u00e8me d&#8217;exploitation<\/strong>, proc\u00e9dez avec les droits d&#8217;administrateur (installation SCCM avanc\u00e9e <a href=\"https:\/\/completeanatomy.cn\/fr\/windows-manual-installation\/sccm\">voir ici<\/a>):<\/div>\n                <br>\n                <img decoding=\"async\" class=\"blue-border\" src=\"https:\/\/cdn.completeanatomy.cn\/media\/downloads\/complete-anatomy\/windows-offline\/screenshots\/screenshot_step5_11.6.4.png\" alt=\"Extracted files\">\n            <\/div>\n            <\/div>\n\n            <div class=\"sub-step\">\n                <div class=\"step-number\">c)<\/div>\n                <div class=\"step-content\">Pour une <strong>installation silencieuse<\/strong> avec une autre option, utilisez <code style=\"background: #f0f0f0; border-radius: 2px; padding: 2px;\">install.bat \/s &lt;num\u00e9ro de l'option&gt;<\/code>. Pour conna\u00eetre les options disponibles, lancez <code style=\"background: #f0f0f0; border-radius: 2px; padding: 2px;\">install.bat<\/code> ou consultez l&#8217;\u00e9tape suivante.<\/div>\n            <\/div>\n        <\/div>\n            <\/div>\n        <\/div>\n\n        <div class=\"note\">\n            Note : vous recevez <a href=\"https:\/\/cdn.completeanatomy.cn\/media\/downloads\/complete-anatomy\/windows-offline\/screenshots\/alert.png\" target=\"_blank\" rel=\"noopener noreferrer\">cette<\/a> alerte ? Cliquez <a href=\"https:\/\/completeanatomy.cn\/windows-manual-installation\/allow-unrecognized-apps\">ici<\/a> pour y rem\u00e9dier.\n        <\/div>\n\n\n        <div class=\"list-div\">\n            <div class=\"step-number\">6.<\/div>\n            <div class=\"step-content\">\n                Choisissez l&#8217;une des options disponibles :\n            <\/div>\n        <\/div>\n\n        <img decoding=\"async\" class=\"blue-border\" src=\"https:\/\/cdn.completeanatomy.cn\/media\/downloads\/complete-anatomy\/windows-offline\/screenshots\/screenshot_step6_11.6.4.png\" alt=\"Successful installation.\">\n\n        <div class=\"list-div\">\n            <div class=\"step-number\">7.<\/div>\n            <div class=\"step-content\">\n           Attendez que l&#8217;installation soit termin\u00e9e. Complete Anatomy devrait d\u00e9sormais \u00eatre disponible dans le menu D\u00e9marrer.\n            <\/div>\n        <\/div>\n\n        <div class=\"list-div\" style=\"padding-top: 40px; margin-top: 30px; border-top: 2px solid #E7E9E9;\">\n            <div class=\"step-content\">\n         Vous cherchez des instructions pour SCCM ? <a href=\"https:\/\/completeanatomy.cn\/fr\/windows-manual-installation\/sccm\">Consultez les instructions ici<\/a>.\n            <\/div>\n        <\/div>\n\n<\/div>\n","protected":false},"excerpt":{"rendered":"<p>1. Cliquez ici pour t\u00e9l\u00e9charger la derni\u00e8re version de Complete Anatomy. 2. Naviguez jusqu&#8217;au r\u00e9pertoire o\u00f9 vous avez t\u00e9l\u00e9charg\u00e9 le fichier (g\u00e9n\u00e9ralement T\u00e9l\u00e9chargements). 3. Cliquez avec le bouton droit de la souris sur le fichier et choisissez Extraire tout &#8230; (Assurez-vous que la case Afficher les fichiers extraits une fois termin\u00e9 est coch\u00e9e. Cliquez ensuite [&hellip;]<a class=\"more-link\" href=\"https:\/\/completeanatomy.cn\/fr\/windows-manual-installation\">Lire l&#8217;article<\/a><\/p>\n","protected":false},"author":30,"featured_media":0,"parent":0,"menu_order":0,"comment_status":"closed","ping_status":"closed","template":"","meta":{"_acf_changed":false,"footnotes":""},"categories":[],"tags":[],"acf":[],"aioseo_notices":[],"_links":{"self":[{"href":"https:\/\/completeanatomy.cn\/fr\/wp-json\/wp\/v2\/pages\/20104"}],"collection":[{"href":"https:\/\/completeanatomy.cn\/fr\/wp-json\/wp\/v2\/pages"}],"about":[{"href":"https:\/\/completeanatomy.cn\/fr\/wp-json\/wp\/v2\/types\/page"}],"author":[{"embeddable":true,"href":"https:\/\/completeanatomy.cn\/fr\/wp-json\/wp\/v2\/users\/30"}],"replies":[{"embeddable":true,"href":"https:\/\/completeanatomy.cn\/fr\/wp-json\/wp\/v2\/comments?post=20104"}],"version-history":[{"count":24,"href":"https:\/\/completeanatomy.cn\/fr\/wp-json\/wp\/v2\/pages\/20104\/revisions"}],"predecessor-version":[{"id":24446,"href":"https:\/\/completeanatomy.cn\/fr\/wp-json\/wp\/v2\/pages\/20104\/revisions\/24446"}],"wp:attachment":[{"href":"https:\/\/completeanatomy.cn\/fr\/wp-json\/wp\/v2\/media?parent=20104"}],"wp:term":[{"taxonomy":"category","embeddable":true,"href":"https:\/\/completeanatomy.cn\/fr\/wp-json\/wp\/v2\/categories?post=20104"},{"taxonomy":"post_tag","embeddable":true,"href":"https:\/\/completeanatomy.cn\/fr\/wp-json\/wp\/v2\/tags?post=20104"}],"curies":[{"name":"wp","href":"https:\/\/api.w.org\/{rel}","templated":true}]}}