{"id":20143,"date":"2023-08-21T21:48:32","date_gmt":"2023-08-21T21:48:32","guid":{"rendered":"https:\/\/corpsite.nonprod.3d4medical.com\/windows-manual-installation\/windows-manual-installation-sccm"},"modified":"2025-12-05T10:18:07","modified_gmt":"2025-12-05T10:18:07","slug":"sccm","status":"publish","type":"page","link":"https:\/\/completeanatomy.cn\/fr\/windows-manual-installation\/sccm","title":{"rendered":"Installation manuelle de Windows &#8211; SCCM"},"content":{"rendered":"<div class=\"instructions-list\">\n<div class=\"list-div\">\n<div class=\"step-number\">1.<\/div>\n<div class=\"step-content\">\n                   <a href=\"https:\/\/cdn.completeanatomy.cn\/media\/downloads\/complete-anatomy\/windows-offline\/CompleteAnatomy_Latest_Offline_x64.zip\">Cliquez ici<\/a> pour t\u00e9l\u00e9charger la derni\u00e8re version de Complete Anatomy.<\/div>\n<\/div>\n<div class=\"list-div\">\n<div class=\"step-number\">2.<\/div>\n<div class=\"step-content\">\n    Acc\u00e9dez au r\u00e9pertoire dans lequel vous avez t\u00e9l\u00e9charg\u00e9 le fichier (g\u00e9n\u00e9ralement <strong>T\u00e9l\u00e9chargements<\/strong>).\n<\/div>\n<\/div>\n<div class=\"list-div\">\n<div class=\"step-number\">3.<\/div>\n<div class=\"step-content\">\n    Cliquez avec le bouton droit sur le fichier et s\u00e9lectionnez <strong>Extraire tout<\/strong> &#8230; (Assurez-vous que l&#8217;option <strong>Afficher les fichiers extraits une fois l&#8217;op\u00e9ration termin\u00e9e<\/strong> est coch\u00e9e. Cliquez ensuite sur <strong>Extraire<\/strong>.\n<\/div>\n<\/div>\n<div class=\"list-div\">\n<div class=\"step-number\">4.<\/div>\n<div class=\"step-content\">\n    Dans la fen\u00eatre qui s&#8217;ouvre, assurez vous que la case <strong>Afficher les fichiers extraits<\/strong> lorsqu&#8217;ils sont termin\u00e9s est coch\u00e9e, puis cliquez sur <strong>Extraire<\/strong><\/div>\n<\/div>\n<img decoding=\"async\" class=\"blue-border\" src=\"https:\/\/cdn.completeanatomy.cn\/media\/downloads\/complete-anatomy\/windows-offline\/screenshots\/sccm\/screenshot_sccm_step4_10.0.1.0.png\" alt=\"Show extracted files is selected\">\n<div class=\"list-div\">\n<div class=\"step-number\">5.<\/div>\n<div class=\"step-content\">\n    Lorsque l&#8217;extraction est termin\u00e9e, une fen\u00eatre s&#8217;ouvre avec les fichiers n\u00e9cessaires \u00e0 l&#8217;installation de Complete Anatomy sur votre appareil.<\/div>\n<\/div>\n<div class=\"note\">\n    Remarque : si vous n&#8217;avez pas coch\u00e9 la case <strong>Afficher les fichiers extraits une fois termin\u00e9<\/strong> \u00e0 l&#8217;\u00e9tape 4, la fen\u00eatre comme celle de l&#8217;\u00e9tape 7 n&#8217;appara\u00eetra pas automatiquement. Dans ce cas, vous devez aller dans le dossier <strong>T\u00e9l\u00e9chargements<\/strong> et aller dans le dossier <br \/>CompleteAnatomy_Latest_Offline_x64. <Veuillez noter qu'il ne doit pas y avoir de zip sur l'ic\u00f4ne du dossier CompleteAnatomy_Latest_Offline_x64.\n<\/div>\n<\/div>\n<h3>Cr\u00e9ation du paquet via SCCM<\/h3>\n<div class=\"note\">Remarque : Si l&#8217;assistant vous demande, au cours du processus de cr\u00e9ation de l&#8217;application, d&#8217;indiquer des d\u00e9pendances, vous pouvez ignorer cette \u00e9tape car aucune d\u00e9pendance n&#8217;est requise.<\/div>\n<div class=\"list-div\">\n<div class=\"step-number\">1.<\/div>\n<div class=\"step-content\">\n    Une fois les fichiers t\u00e9l\u00e9charg\u00e9s, nous pouvons d\u00e9ployer l&#8217;application via System Center Configuration Manager. Dans la console d&#8217;administration de ConfigMgr, allez dans <strong>Software Library &gt; Application Management &gt; Applications.<\/strong> Cliquez avec le bouton droit de la souris et choisissez <strong>Creation Application.<\/strong> Cela ouvrira l&#8217;assistant de cr\u00e9ation d&#8217;application.<\/div>\n<\/div>\n<figure><img decoding=\"async\" class=\"blue-border\" src=\"https:\/\/cdn.completeanatomy.cn\/media\/downloads\/complete-anatomy\/windows-offline\/screenshots\/sccm\/sccm-1.jpg\" alt=\"Create Application Wizard\"><\/figure>\n<div class=\"list-div\">\n<div class=\"step-number\">2.<\/div>\n<div class=\"step-content\">\n    S\u00e9lectionnez le package d&#8217;application Windows, un fichier avec l&#8217;extension *.appxbundle situ\u00e9 \u00e0 la racine de votre dossier d\u00e9compress\u00e9, puis indiquez l&#8217;emplacement du fichier. Cliquez sur <strong>Suivant<\/strong>.\n<\/div>\n<\/div>\n<img decoding=\"async\" class=\"blue-border\" src=\"https:\/\/cdn.completeanatomy.cn\/media\/downloads\/complete-anatomy\/windows-offline\/screenshots\/sccm\/screenshot_sccm_step4.2_10.0.1.0.jpg\" alt=\"double click app bundle file\">\n<div class=\"list-div\">\n<div class=\"step-number\">3.<\/div>\n<div class=\"step-content\">\n    La page suivante vous indiquera que le fichier a \u00e9t\u00e9 import\u00e9 avec succ\u00e8s. Si des conditions pr\u00e9alables manquent dans le dossier dans lequel l&#8217;application est stock\u00e9e, un avertissement s&#8217;affiche. Cliquez sur <strong>Suivant<\/strong>. Si ConfigMgr a r\u00e9ussi \u00e0 identifier l&#8217;appx\/appxbundle et tous les pr\u00e9requis, vous devriez voir un \u00e9cran similaire \u00e0 celui-ci :<\/div>\n<\/div>\n<div class=\"list-div\">\n<div class=\"step-number\">4.<\/div>\n<div class=\"step-content\">\n    Sur cette page, vous pouvez sp\u00e9cifier des \u00e9l\u00e9ments tels que le nom, l&#8217;\u00e9diteur et la cat\u00e9gorie administrative de l&#8217;application. Veuillez utiliser les d\u00e9tails suivants :\n\nNom : Complete Anatomy\nEditeur : 3D4Medical Ltd\nCat\u00e9gorie administrative : &#8220;Votre propre choix&#8221;\nCliquez sur <strong>Suivant<\/strong>\n\n<\/div>\n<\/div>\n<div class=\"note\">Note : Ne pas modifier la version du logiciel.<\/div>\n<div class=\"list-div\">\n<div class=\"step-number\">5.<\/div>\n<div class=\"step-content\">\n    Cette page affiche un r\u00e9sum\u00e9 de tous les param\u00e8tres des pages pr\u00e9c\u00e9dentes de l&#8217;assistant de cr\u00e9ation d&#8217;application. Cliquez sur <strong>Suivant.<\/strong><\/div>\n<\/div>\n<div class=\"list-div\">\n<div class=\"step-number\">6.<\/div>\n<div class=\"step-content\">\n    Configuration Manager commence \u00e0 cr\u00e9er l&#8217;application Complete Anatomy. Une fois la cr\u00e9ation termin\u00e9e, l&#8217;\u00e9cran suivant s&#8217;affichera pour confirmer que l&#8217;application a bien \u00e9t\u00e9 cr\u00e9\u00e9e :<\/div>\n<\/div>\n<img decoding=\"async\" class=\"blue-border\" src=\"https:\/\/cdn.completeanatomy.cn\/media\/downloads\/complete-anatomy\/windows-offline\/screenshots\/sccm\/sccm-3.jpg\" alt=\"Creation of Package completed\">\n<h3>D\u00e9ploiement du package via SCCM:<\/h3>\n<div class=\"list-div\">\n<div class=\"step-number\">1.<\/div>\n<div class=\"step-content\">\n    Dans la console System Center Configuration Manager, faites un clic droit sur l&#8217;application Complete Anatomy qui vient d&#8217;\u00eatre cr\u00e9\u00e9e et choisissez <strong>D\u00e9ployer<\/strong><\/div>\n<\/div>\n<img decoding=\"async\" class=\"blue-border\" src=\"https:\/\/cdn.completeanatomy.cn\/media\/downloads\/complete-anatomy\/windows-offline\/screenshots\/sccm\/sccm-4.jpg\" alt=\"Deploy SCCM\">\n<div class=\"list-div\">\n<div class=\"step-number\">2.<\/div>\n<div class=\"step-content\">\n    Choisissez une collection dans laquelle d\u00e9ployer l&#8217;application Complete Anatomy. Dans ce cas, l&#8217;application est d\u00e9ploy\u00e9e vers une collection sur toutes les machines Windows. Cliquez sur <strong>Suivant.<\/strong><\/div>\n<\/div>\n<img decoding=\"async\" class=\"blue-border\" src=\"https:\/\/cdn.completeanatomy.cn\/media\/downloads\/complete-anatomy\/windows-offline\/screenshots\/sccm\/sccm-5.jpg\" alt=\"Choose a Collection to deploy the application to\">\n<div class=\"list-div\">\n<div class=\"step-number\">3.<\/div>\n<div class=\"step-content\">\n    Choisissez un <strong>point de distribution<\/strong> pour distribuer l&#8217;application Complete Anatomy. Cliquez sur <strong>Suivant.<\/strong><\/div>\n<\/div>\n<div class=\"list-div\">\n<div class=\"step-number\">4.<\/div>\n<div class=\"step-content\">\n    Sur la page <strong>Param\u00e8tres de d\u00e9ploiement<\/strong>, choisissez si Complete Anatomy sera d\u00e9ploy\u00e9 en tant que <strong>Disponible<\/strong> ou <strong>Requise<\/strong>. Cliquez sur <strong>Suivant.<\/strong><\/div>\n<\/div>\n<div class=\"list-div\">\n<div class=\"step-number\">5.<\/div>\n<div class=\"step-content\">\n    Sur la page <strong>Programmation<\/strong>, choisissez quand l&#8217;application sera disponible pour que les utilisateurs l&#8217;installent. Cliquez sur <strong>Suivant.<\/strong><\/div>\n<\/div>\n<div class=\"list-div\">\n<div class=\"step-number\">6.<\/div>\n<div class=\"step-content\">\n    Sur la page <strong>Exp\u00e9rience utilisateur<\/strong>, choisissez comment les utilisateurs seront inform\u00e9s de l&#8217;installation de l&#8217;application. <strong>Cliquez sur Suivant.<\/strong><\/div>\n<\/div>\n<div class=\"list-div\">\n<div class=\"step-number\">7.<\/div>\n<div class=\"step-content\">\n    Sur la page <strong>Alertes<\/strong>, choisissez si vous souhaitez \u00eatre alert\u00e9 des \u00e9checs de d\u00e9ploiement et des alertes de System Center Operations Manager. Cliquez sur <bsuivant.< b=\"\"><\/bsuivant.<><\/div>\n<\/div>\n<div class=\"list-div\">\n<div class=\"step-number\">8.<\/div>\n<div class=\"step-content\">\n    La page <strong>R\u00e9sum\u00e9<\/strong> affiche une liste de tous les param\u00e8tres choisis pour l&#8217;assistant de d\u00e9ploiement de logiciels. Cliquez sur <strong>Suivant.<\/strong><\/div>\n<\/div>\n<div class=\"list-div\">\n<div class=\"step-number\">9.<\/div>\n<div class=\"step-content\">\n    Configuration Manager commence \u00e0 cr\u00e9er l&#8217;application. Une fois la cr\u00e9ation termin\u00e9e, vous devriez voir cette page :<\/div>\n<\/div>\n<img decoding=\"async\" class=\"blue-border\" src=\"https:\/\/cdn.completeanatomy.cn\/media\/downloads\/complete-anatomy\/windows-offline\/screenshots\/sccm\/sccm-6.jpg\" alt=\"Deployment Successful\">\n<div class=\"list-div\">\n<div class=\"step-number\">10.<\/div>\n<div class=\"step-content\">\n    Cliquez sur le bouton Windows et ouvrez le <strong>Centre de logiciels<\/strong>. L&#8217;application Complete Anatomy devrait maintenant \u00eatre list\u00e9e dans le Centre de logiciels.<\/div>\n<\/div>\n<div class=\"list-div\">\n<div class=\"step-number\">11.<\/div>\n<div class=\"step-content\">\n    Cliquez sur <strong>Installer<\/strong> pour installer l&#8217;application.<\/div>\n<\/div>\n<div class=\"list-div\">\n<div class=\"step-number\">12.<\/div>\n<div class=\"step-content\">\n    Complete Anatomy devrait maintenant \u00eatre disponible dans le menu D\u00e9marrer.<\/div>\n<\/div>\n<\/div>","protected":false},"excerpt":{"rendered":"<p>1. Cliquez ici pour t\u00e9l\u00e9charger la derni\u00e8re version de Complete Anatomy. 2. Acc\u00e9dez au r\u00e9pertoire dans lequel vous avez t\u00e9l\u00e9charg\u00e9 le fichier (g\u00e9n\u00e9ralement T\u00e9l\u00e9chargements). 3. Cliquez avec le bouton droit sur le fichier et s\u00e9lectionnez Extraire tout &#8230; (Assurez-vous que l&#8217;option Afficher les fichiers extraits une fois l&#8217;op\u00e9ration termin\u00e9e est coch\u00e9e. Cliquez ensuite sur Extraire. [&hellip;]<a class=\"more-link\" href=\"https:\/\/completeanatomy.cn\/fr\/windows-manual-installation\/sccm\">Lire l&#8217;article<\/a><\/p>\n","protected":false},"author":30,"featured_media":0,"parent":20104,"menu_order":0,"comment_status":"closed","ping_status":"closed","template":"","meta":{"_acf_changed":false,"footnotes":""},"categories":[],"tags":[],"acf":[],"aioseo_notices":[],"_links":{"self":[{"href":"https:\/\/completeanatomy.cn\/fr\/wp-json\/wp\/v2\/pages\/20143"}],"collection":[{"href":"https:\/\/completeanatomy.cn\/fr\/wp-json\/wp\/v2\/pages"}],"about":[{"href":"https:\/\/completeanatomy.cn\/fr\/wp-json\/wp\/v2\/types\/page"}],"author":[{"embeddable":true,"href":"https:\/\/completeanatomy.cn\/fr\/wp-json\/wp\/v2\/users\/30"}],"replies":[{"embeddable":true,"href":"https:\/\/completeanatomy.cn\/fr\/wp-json\/wp\/v2\/comments?post=20143"}],"version-history":[{"count":28,"href":"https:\/\/completeanatomy.cn\/fr\/wp-json\/wp\/v2\/pages\/20143\/revisions"}],"predecessor-version":[{"id":24482,"href":"https:\/\/completeanatomy.cn\/fr\/wp-json\/wp\/v2\/pages\/20143\/revisions\/24482"}],"up":[{"embeddable":true,"href":"https:\/\/completeanatomy.cn\/fr\/wp-json\/wp\/v2\/pages\/20104"}],"wp:attachment":[{"href":"https:\/\/completeanatomy.cn\/fr\/wp-json\/wp\/v2\/media?parent=20143"}],"wp:term":[{"taxonomy":"category","embeddable":true,"href":"https:\/\/completeanatomy.cn\/fr\/wp-json\/wp\/v2\/categories?post=20143"},{"taxonomy":"post_tag","embeddable":true,"href":"https:\/\/completeanatomy.cn\/fr\/wp-json\/wp\/v2\/tags?post=20143"}],"curies":[{"name":"wp","href":"https:\/\/api.w.org\/{rel}","templated":true}]}}